{"id":1114,"date":"2024-10-07T17:11:35","date_gmt":"2024-10-07T17:11:35","guid":{"rendered":"https:\/\/coaching.evylou.com\/contact\/"},"modified":"2025-09-18T16:48:21","modified_gmt":"2025-09-18T16:48:21","slug":"contact","status":"publish","type":"page","link":"https:\/\/coaching.evylou.com\/en\/contact\/","title":{"rendered":"Contact"},"content":{"rendered":"<p>[et_pb_section fb_built=&#8221;1&#8243; admin_label=&#8221;Footer&#8221; module_id=&#8221;Contact form&#8221; _builder_version=&#8221;4.27.0&#8243; _module_preset=&#8221;default&#8221; background_color=&#8221;#efede8&#8243; global_module=&#8221;837&#8243; saved_tabs=&#8221;all&#8221; collapsed=&#8221;off&#8221; global_colors_info=&#8221;{}&#8221;][et_pb_row column_structure=&#8221;3_5,2_5&#8243; make_equal=&#8221;on&#8221; custom_padding_last_edited=&#8221;on|tablet&#8221; _builder_version=&#8221;4.27.0&#8243; _module_preset=&#8221;default&#8221; custom_padding_tablet=&#8221;||0px||false|false&#8221; custom_padding_phone=&#8221;||0px||false|false&#8221; locked=&#8221;off&#8221; global_colors_info=&#8221;{}&#8221;][et_pb_column type=&#8221;3_5&#8243; _builder_version=&#8221;4.25.1&#8243; _module_preset=&#8221;default&#8221; custom_padding=&#8221;40px|40px|40px|40px|true|true&#8221; custom_padding_tablet=&#8221;30px|30px|30px|30px|true|true&#8221; custom_padding_phone=&#8221;20px|20px|20px|20px|true|true&#8221; custom_padding_last_edited=&#8221;on|desktop&#8221; border_width_all=&#8221;1px&#8221; border_color_all=&#8221;gcid-bcc99e3b-722a-4dba-85e5-49c6d1592562&#8243; global_colors_info=&#8221;{%22gcid-bcc99e3b-722a-4dba-85e5-49c6d1592562%22:%91%22border_color_all%22%93}&#8221;][et_pb_heading title=&#8221;Contact&#8221; _builder_version=&#8221;4.27.2&#8243; _module_preset=&#8221;defe8184-d966-4ebb-a062-43bac65397f2&#8243; title_level=&#8221;h5&#8243; custom_padding=&#8221;0px||||false|false&#8221; border_color_all=&#8221;RGBA(255,255,255,0)&#8221; border_width_top=&#8221;2px&#8221; locked=&#8221;off&#8221; global_colors_info=&#8221;{}&#8221;][\/et_pb_heading][et_pb_contact_form email=&#8221;coaching@evylou.com&#8221; success_message=&#8221;Your message has been sent. Thank you.  &#8221; submit_button_text=&#8221;SEND&#8221; _builder_version=&#8221;4.27.2&#8243; _module_preset=&#8221;default&#8221; _unique_id=&#8221;355fe8f2-a647-4adb-a9b9-0bd5098fc17a&#8221; custom_button=&#8221;on&#8221; button_text_color=&#8221;#316C7C&#8221; custom_margin=&#8221;1px|||||&#8221; global_colors_info=&#8221;{}&#8221;][et_pb_contact_field field_id=&#8221;Name&#8221; field_title=&#8221;Name&#8221; _builder_version=&#8221;4.27.2&#8243; form_field_background_color=&#8221;#FFFFFF&#8221; form_field_text_color=&#8221;#464646&#8243; form_field_focus_background_color=&#8221;RGBA(255,255,255,0)&#8221; form_field_focus_text_color=&#8221;#6F5E53&#8243; form_field_font_size=&#8221;16px&#8221; form_field_line_height=&#8221;1.9em&#8221; global_colors_info=&#8221;{}&#8221; button_text_size__hover_enabled=&#8221;off&#8221; button_one_text_size__hover_enabled=&#8221;off&#8221; button_two_text_size__hover_enabled=&#8221;off&#8221; button_text_color__hover_enabled=&#8221;off&#8221; button_one_text_color__hover_enabled=&#8221;off&#8221; button_two_text_color__hover_enabled=&#8221;off&#8221; button_border_width__hover_enabled=&#8221;off&#8221; button_one_border_width__hover_enabled=&#8221;off&#8221; button_two_border_width__hover_enabled=&#8221;off&#8221; button_border_color__hover_enabled=&#8221;off&#8221; button_one_border_color__hover_enabled=&#8221;off&#8221; button_two_border_color__hover_enabled=&#8221;off&#8221; button_border_radius__hover_enabled=&#8221;off&#8221; button_one_border_radius__hover_enabled=&#8221;off&#8221; button_two_border_radius__hover_enabled=&#8221;off&#8221; button_letter_spacing__hover_enabled=&#8221;off&#8221; button_one_letter_spacing__hover_enabled=&#8221;off&#8221; button_two_letter_spacing__hover_enabled=&#8221;off&#8221; button_bg_color__hover_enabled=&#8221;off&#8221; button_one_bg_color__hover_enabled=&#8221;off&#8221; button_two_bg_color__hover_enabled=&#8221;off&#8221;][\/et_pb_contact_field][et_pb_contact_field field_id=&#8221;Tel&#8221; field_title=&#8221;Phone&#8221; fullwidth_field=&#8221;on&#8221; _builder_version=&#8221;4.27.2&#8243; _module_preset=&#8221;default&#8221; form_field_background_color=&#8221;#FFFFFF&#8221; form_field_text_color=&#8221;#464646&#8243; form_field_focus_background_color=&#8221;RGBA(255,255,255,0)&#8221; form_field_focus_text_color=&#8221;#6F5E53&#8243; form_field_font_size=&#8221;16px&#8221; form_field_line_height=&#8221;1.9em&#8221; global_colors_info=&#8221;{}&#8221;][\/et_pb_contact_field][et_pb_contact_field field_id=&#8221;Email&#8221; field_title=&#8221;E-mail address&#8221; field_type=&#8221;email&#8221; _builder_version=&#8221;4.27.2&#8243; form_field_background_color=&#8221;#FFFFFF&#8221; form_field_text_color=&#8221;#464646&#8243; form_field_focus_background_color=&#8221;RGBA(255,255,255,0)&#8221; form_field_focus_text_color=&#8221;#6F5E53&#8243; form_field_font_size=&#8221;16px&#8221; form_field_line_height=&#8221;1.9em&#8221; global_colors_info=&#8221;{}&#8221; button_text_size__hover_enabled=&#8221;off&#8221; button_one_text_size__hover_enabled=&#8221;off&#8221; button_two_text_size__hover_enabled=&#8221;off&#8221; button_text_color__hover_enabled=&#8221;off&#8221; button_one_text_color__hover_enabled=&#8221;off&#8221; button_two_text_color__hover_enabled=&#8221;off&#8221; button_border_width__hover_enabled=&#8221;off&#8221; button_one_border_width__hover_enabled=&#8221;off&#8221; button_two_border_width__hover_enabled=&#8221;off&#8221; button_border_color__hover_enabled=&#8221;off&#8221; button_one_border_color__hover_enabled=&#8221;off&#8221; button_two_border_color__hover_enabled=&#8221;off&#8221; button_border_radius__hover_enabled=&#8221;off&#8221; button_one_border_radius__hover_enabled=&#8221;off&#8221; button_two_border_radius__hover_enabled=&#8221;off&#8221; button_letter_spacing__hover_enabled=&#8221;off&#8221; button_one_letter_spacing__hover_enabled=&#8221;off&#8221; button_two_letter_spacing__hover_enabled=&#8221;off&#8221; button_bg_color__hover_enabled=&#8221;off&#8221; button_one_bg_color__hover_enabled=&#8221;off&#8221; button_two_bg_color__hover_enabled=&#8221;off&#8221;][\/et_pb_contact_field][et_pb_contact_field field_id=&#8221;Message&#8221; field_title=&#8221;Message&#8221; field_type=&#8221;text&#8221; fullwidth_field=&#8221;on&#8221; _builder_version=&#8221;4.27.2&#8243; form_field_background_color=&#8221;#FFFFFF&#8221; form_field_text_color=&#8221;#464646&#8243; form_field_focus_background_color=&#8221;RGBA(255,255,255,0)&#8221; form_field_focus_text_color=&#8221;#6F5E53&#8243; form_field_font_size=&#8221;16px&#8221; form_field_line_height=&#8221;1.9em&#8221; custom_margin=&#8221;0px||||false|false&#8221; global_colors_info=&#8221;{}&#8221; button_text_size__hover_enabled=&#8221;off&#8221; button_one_text_size__hover_enabled=&#8221;off&#8221; button_two_text_size__hover_enabled=&#8221;off&#8221; button_text_color__hover_enabled=&#8221;off&#8221; button_one_text_color__hover_enabled=&#8221;off&#8221; button_two_text_color__hover_enabled=&#8221;off&#8221; button_border_width__hover_enabled=&#8221;off&#8221; button_one_border_width__hover_enabled=&#8221;off&#8221; button_two_border_width__hover_enabled=&#8221;off&#8221; button_border_color__hover_enabled=&#8221;off&#8221; button_one_border_color__hover_enabled=&#8221;off&#8221; button_two_border_color__hover_enabled=&#8221;off&#8221; button_border_radius__hover_enabled=&#8221;off&#8221; button_one_border_radius__hover_enabled=&#8221;off&#8221; button_two_border_radius__hover_enabled=&#8221;off&#8221; button_letter_spacing__hover_enabled=&#8221;off&#8221; button_one_letter_spacing__hover_enabled=&#8221;off&#8221; button_two_letter_spacing__hover_enabled=&#8221;off&#8221; button_bg_color__hover_enabled=&#8221;off&#8221; button_one_bg_color__hover_enabled=&#8221;off&#8221; button_two_bg_color__hover_enabled=&#8221;off&#8221;][\/et_pb_contact_field][\/et_pb_contact_form][\/et_pb_column][et_pb_column type=&#8221;2_5&#8243; _builder_version=&#8221;4.25.1&#8243; _module_preset=&#8221;default&#8221; custom_padding=&#8221;40px|40px|40px|40px|true|true&#8221; custom_padding_tablet=&#8221;30px|30px|30px|30px|true|true&#8221; custom_padding_phone=&#8221;20px|20px|20px|20px|true|true&#8221; custom_padding_last_edited=&#8221;on|desktop&#8221; border_width_all=&#8221;1px&#8221; border_color_all=&#8221;gcid-bcc99e3b-722a-4dba-85e5-49c6d1592562&#8243; global_colors_info=&#8221;{%22gcid-bcc99e3b-722a-4dba-85e5-49c6d1592562%22:%91%22border_color_all%22%93}&#8221;][et_pb_heading title=&#8221;Address&#8221; _builder_version=&#8221;4.27.0&#8243; _module_preset=&#8221;45300ff7-517c-4e39-a818-783af572d360&#8243; title_text_align=&#8221;center&#8221; custom_margin=&#8221;||0px||false|false&#8221; global_colors_info=&#8221;{%22gcid-fa3e187d-20a7-4c5a-962d-49a38117a4cc%22:%91%22title_text_color%22,%22title_text_color%22%93}&#8221;][\/et_pb_heading][et_pb_text _builder_version=&#8221;4.27.4&#8243; _module_preset=&#8221;09c5d972-6928-4291-9ff0-6b00e9df0861&#8243; link_text_color=&#8221;#666666&#8243; text_orientation=&#8221;center&#8221; global_colors_info=&#8221;{%22gcid-bcc99e3b-722a-4dba-85e5-49c6d1592562%22:%91%22quote_border_color%22,%22quote_border_color%22,%22quote_border_color%22,%22quote_border_color%22,%22quote_border_color%22,%22quote_border_color%22%93,%22gcid-fa3e187d-20a7-4c5a-962d-49a38117a4cc%22:%91%22quote_text_color%22,%22quote_text_color%22,%22quote_text_color%22,%22quote_text_color%22,%22text_text_color%22%93}&#8221;]<\/p>\n<p><strong>Belgium :<\/strong><\/p>\n<p><a href=\"https:\/\/amasana.be\/accueil\/centre-therapeutique-academy\/specialistes\/evylou-de-vleeschouwer-coach-hypnotherapeute-bruxelles\/\"><strong>Center Th\u00e9rapeutique et de bien-\u00eatre Ama Sana <\/strong><\/a>avenue du Chili 7, 1000 Brussels<br \/>Tervuren (Hoogvorst)<\/p>\n<p><strong>France<\/strong><br \/>58, rue Monceau, 75008 Paris<\/p>\n<p>[\/et_pb_text][et_pb_heading title=&#8221;Phone&#8221; _builder_version=&#8221;4.27.0&#8243; _module_preset=&#8221;45300ff7-517c-4e39-a818-783af572d360&#8243; title_text_align=&#8221;center&#8221; custom_margin=&#8221;||0px||false|false&#8221; global_colors_info=&#8221;{}&#8221;][\/et_pb_heading][et_pb_text _builder_version=&#8221;4.27.2&#8243; _module_preset=&#8221;09c5d972-6928-4291-9ff0-6b00e9df0861&#8243; link_text_color=&#8221;#666666&#8243; text_orientation=&#8221;center&#8221; global_colors_info=&#8221;{%22gcid-bcc99e3b-722a-4dba-85e5-49c6d1592562%22:%91%22quote_border_color%22,%22quote_border_color%22,%22quote_border_color%22%93,%22gcid-fa3e187d-20a7-4c5a-962d-49a38117a4cc%22:%91%22quote_text_color%22,%22quote_text_color%22%93}&#8221;]<\/p>\n<p>Belgium: <a href=\"tel:+32-475-45-20-54\">+ 32 475 45 20 54<\/a><\/p>\n<p>[\/et_pb_text][et_pb_text _builder_version=&#8221;4.27.2&#8243; _module_preset=&#8221;09c5d972-6928-4291-9ff0-6b00e9df0861&#8243; link_text_color=&#8221;#666666&#8243; text_orientation=&#8221;center&#8221; global_colors_info=&#8221;{%22gcid-bcc99e3b-722a-4dba-85e5-49c6d1592562%22:%91%22quote_border_color%22,%22quote_border_color%22,%22quote_border_color%22%93,%22gcid-fa3e187d-20a7-4c5a-962d-49a38117a4cc%22:%91%22quote_text_color%22,%22quote_text_color%22%93}&#8221;]<\/p>\n<p>France: + 33 6 60 63 92 64<\/p>\n<p>[\/et_pb_text][et_pb_heading title=&#8221;Email&#8221; _builder_version=&#8221;4.25.1&#8243; _module_preset=&#8221;45300ff7-517c-4e39-a818-783af572d360&#8243; title_text_align=&#8221;center&#8221; custom_margin=&#8221;||0px||false|false&#8221; global_colors_info=&#8221;{%22gcid-fa3e187d-20a7-4c5a-962d-49a38117a4cc%22:%91%22title_text_color%22,%22title_text_color%22%93}&#8221;][\/et_pb_heading][et_pb_text _builder_version=&#8221;4.27.2&#8243; _module_preset=&#8221;09c5d972-6928-4291-9ff0-6b00e9df0861&#8243; text_text_color=&#8221;gcid-fa3e187d-20a7-4c5a-962d-49a38117a4cc&#8221; link_text_color=&#8221;gcid-heading-color&#8221; text_orientation=&#8221;center&#8221; custom_padding=&#8221;||0px|||&#8221; global_colors_info=&#8221;{%22gcid-bcc99e3b-722a-4dba-85e5-49c6d1592562%22:%91%22quote_border_color%22,%22quote_border_color%22,%22quote_border_color%22,%22quote_border_color%22,%22quote_border_color%22%93,%22gcid-fa3e187d-20a7-4c5a-962d-49a38117a4cc%22:%91%22quote_text_color%22,%22quote_text_color%22,%22quote_text_color%22,%22quote_text_color%22,%22text_text_color%22%93,%22gcid-heading-color%22:%91%22link_text_color%22%93}&#8221;]<\/p>\n<p>coaching@evylou.com<\/p>\n<p>[\/et_pb_text][et_pb_social_media_follow _builder_version=&#8221;4.27.4&#8243; _module_preset=&#8221;default&#8221; follow_button=&#8221;on&#8221; icon_color=&#8221;#FFFFFF&#8221; background_color=&#8221;RGBA(255,255,255,0)&#8221; text_orientation=&#8221;center&#8221; custom_button=&#8221;on&#8221; button_text_color=&#8221;#FFFFFF&#8221; button_bg_color=&#8221;#B18358&#8243; button_bg_enable_color=&#8221;on&#8221; hover_enabled=&#8221;0&#8243; sticky_enabled=&#8221;0&#8243;][et_pb_social_media_follow_network social_network=&#8221;instagram&#8221; background_color=&#8221;#ea2c59&#8243; _builder_version=&#8221;4.27.4&#8243; _module_preset=&#8221;default&#8221; follow_button=&#8221;on&#8221; url_new_window=&#8221;on&#8221; url=&#8221;https:\/\/www.instagram.com\/evylou_hypnotherapist&#8221; hover_enabled=&#8221;0&#8243; sticky_enabled=&#8221;0&#8243;]instagram[\/et_pb_social_media_follow_network][\/et_pb_social_media_follow][et_pb_image src=&#8221;https:\/\/coaching.evylou.com\/wp-content\/uploads\/2024\/10\/logo-evylou-coaching.png&#8221; title_text=&#8221;evylou coaching logo&#8221; _builder_version=&#8221;4.27.0&#8243; _module_preset=&#8221;default&#8221; custom_padding=&#8221;30px|30px|30px|30px|true|true&#8221; global_colors_info=&#8221;{}&#8221;][\/et_pb_image][\/et_pb_column][\/et_pb_row][et_pb_row column_structure=&#8221;1_3,1_3,1_3&#8243; _builder_version=&#8221;4.27.4&#8243; _module_preset=&#8221;default&#8221; global_colors_info=&#8221;{}&#8221;][et_pb_column type=&#8221;1_3&#8243; _builder_version=&#8221;4.27.4&#8243; _module_preset=&#8221;default&#8221; global_colors_info=&#8221;{}&#8221;][et_pb_divider show_divider=&#8221;off&#8221; _builder_version=&#8221;4.27.4&#8243; _module_preset=&#8221;default&#8221; custom_margin=&#8221;50px||||false|false&#8221; global_colors_info=&#8221;{}&#8221;][\/et_pb_divider][et_pb_image src=&#8221;https:\/\/coaching.evylou.com\/wp-content\/uploads\/2025\/01\/ama-sana-logo.webp&#8221; title_text=&#8221;ama sana logo&#8221; _builder_version=&#8221;4.27.4&#8243; _module_preset=&#8221;default&#8221; global_colors_info=&#8221;{}&#8221;][\/et_pb_image][\/et_pb_column][et_pb_column type=&#8221;1_3&#8243; _builder_version=&#8221;4.27.4&#8243; _module_preset=&#8221;default&#8221; global_colors_info=&#8221;{}&#8221;][et_pb_image src=&#8221;https:\/\/coaching.evylou.com\/wp-content\/uploads\/2025\/01\/suph-logo.png&#8221; title_text=&#8221;suph-logo&#8221; url=&#8221;https:\/\/sup-h.org\/suph\/deontologie\/&#8221; _builder_version=&#8221;4.27.4&#8243; _module_preset=&#8221;default&#8221; transform_scale=&#8221;80%|80%&#8221; global_colors_info=&#8221;{}&#8221;][\/et_pb_image][et_pb_button button_url=&#8221;@ET-DC@eyJkeW5hbWljIjp0cnVlLCJjb250ZW50IjoicG9zdF9saW5rX3VybF9wYWdlIiwic2V0dGluZ3MiOnsicG9zdF9pZCI6IjE2MzUiLCJlbmFibGVfaHRtbCI6Im9mZiJ9fQ==@&#8221; button_text=&#8221;Code of ethics&#8221; _builder_version=&#8221;4.27.4&#8243; _dynamic_attributes=&#8221;button_url&#8221; _module_preset=&#8221;default&#8221; custom_button=&#8221;on&#8221; button_text_color=&#8221;#FFFFFF&#8221; button_bg_color=&#8221;#316C7C&#8221; global_colors_info=&#8221;{}&#8221;][\/et_pb_button][\/et_pb_column][et_pb_column type=&#8221;1_3&#8243; _builder_version=&#8221;4.27.4&#8243; _module_preset=&#8221;default&#8221; global_colors_info=&#8221;{}&#8221;][et_pb_image src=&#8221;https:\/\/coaching.evylou.com\/wp-content\/uploads\/2025\/01\/NGHLogo2021Gold.png&#8221; title_text=&#8221;NGHLogo2021Gold&#8221; _builder_version=&#8221;4.27.4&#8243; _module_preset=&#8221;default&#8221; global_colors_info=&#8221;{}&#8221;][\/et_pb_image][\/et_pb_column][\/et_pb_row][\/et_pb_section]<\/p>\n","protected":false},"excerpt":{"rendered":"<p>Belgium : Center Th\u00e9rapeutique et de bien-\u00eatre Ama Sana avenue du Chili 7, 1000 BrusselsTervuren (Hoogvorst) France58, rue Monceau, 75008 ParisBelgium: + 32 475 45 20 54France: + 33 6 60 63 92 64coaching@evylou.com<\/p>\n","protected":false},"author":1,"featured_media":0,"parent":0,"menu_order":0,"comment_status":"closed","ping_status":"closed","template":"","meta":{"_et_pb_use_builder":"on","_et_pb_old_content":"","_et_gb_content_width":"","footnotes":""},"class_list":["post-1114","page","type-page","status-publish","hentry"],"yoast_head":"<!-- This site is optimized with the Yoast SEO plugin v27.6 - https:\/\/yoast.com\/product\/yoast-seo-wordpress\/ -->\n<title>Contact hypnosis<\/title>\n<meta name=\"description\" content=\"Arr\u00eater de fumer, perdre du poids, g\u00e9rer son stress, surmonter ses peurs: l&#039;hypnose \u00e0 Bruxelles peut aider \u00e0 changer votre quotidien aujourd&#039;hui\" \/>\n<meta name=\"robots\" content=\"index, follow, max-snippet:-1, max-image-preview:large, max-video-preview:-1\" \/>\n<link rel=\"canonical\" href=\"https:\/\/coaching.evylou.com\/en\/contact\/\" \/>\n<meta property=\"og:locale\" content=\"en_US\" \/>\n<meta property=\"og:type\" content=\"article\" \/>\n<meta property=\"og:title\" content=\"Contact hypnosis\" \/>\n<meta property=\"og:description\" content=\"Arr\u00eater de fumer, perdre du poids, g\u00e9rer son stress, surmonter ses peurs: l&#039;hypnose \u00e0 Bruxelles peut aider \u00e0 changer votre quotidien aujourd&#039;hui\" \/>\n<meta property=\"og:url\" content=\"https:\/\/coaching.evylou.com\/en\/contact\/\" \/>\n<meta property=\"og:site_name\" content=\"hypnosis and coaching\" \/>\n<meta property=\"article:modified_time\" content=\"2025-09-18T16:48:21+00:00\" \/>\n<meta property=\"og:image\" content=\"https:\/\/coaching.evylou.com\/wp-content\/uploads\/2024\/10\/logo-evylou-coaching.png\" \/>\n\t<meta property=\"og:image:width\" content=\"1106\" \/>\n\t<meta property=\"og:image:height\" content=\"733\" \/>\n\t<meta property=\"og:image:type\" content=\"image\/png\" \/>\n<meta name=\"twitter:card\" content=\"summary_large_image\" \/>\n<meta name=\"twitter:label1\" content=\"Est. reading time\" \/>\n\t<meta name=\"twitter:data1\" content=\"9 minutes\" \/>\n<script type=\"application\/ld+json\" class=\"yoast-schema-graph\">{\"@context\":\"https:\\\/\\\/schema.org\",\"@graph\":[{\"@type\":\"WebPage\",\"@id\":\"https:\\\/\\\/coaching.evylou.com\\\/en\\\/contact\\\/\",\"url\":\"https:\\\/\\\/coaching.evylou.com\\\/en\\\/contact\\\/\",\"name\":\"Contact hypnosis\",\"isPartOf\":{\"@id\":\"https:\\\/\\\/coaching.evylou.com\\\/en\\\/#website\"},\"datePublished\":\"2024-10-07T17:11:35+00:00\",\"dateModified\":\"2025-09-18T16:48:21+00:00\",\"description\":\"Arr\u00eater de fumer, perdre du poids, g\u00e9rer son stress, surmonter ses peurs: l'hypnose \u00e0 Bruxelles peut aider \u00e0 changer votre quotidien aujourd'hui\",\"breadcrumb\":{\"@id\":\"https:\\\/\\\/coaching.evylou.com\\\/en\\\/contact\\\/#breadcrumb\"},\"inLanguage\":\"en-US\",\"potentialAction\":[{\"@type\":\"ReadAction\",\"target\":[\"https:\\\/\\\/coaching.evylou.com\\\/en\\\/contact\\\/\"]}]},{\"@type\":\"BreadcrumbList\",\"@id\":\"https:\\\/\\\/coaching.evylou.com\\\/en\\\/contact\\\/#breadcrumb\",\"itemListElement\":[{\"@type\":\"ListItem\",\"position\":1,\"name\":\"Accueil\",\"item\":\"https:\\\/\\\/coaching.evylou.com\\\/en\\\/\"},{\"@type\":\"ListItem\",\"position\":2,\"name\":\"Contact\"}]},{\"@type\":\"WebSite\",\"@id\":\"https:\\\/\\\/coaching.evylou.com\\\/en\\\/#website\",\"url\":\"https:\\\/\\\/coaching.evylou.com\\\/en\\\/\",\"name\":\"coaching.evylou.com\",\"description\":\"hypnosis and coaching\",\"publisher\":{\"@id\":\"https:\\\/\\\/coaching.evylou.com\\\/en\\\/#\\\/schema\\\/person\\\/791818c5517a8da614542c7c926ed4c0\"},\"alternateName\":\"Evylou coaching - hypnose\",\"potentialAction\":[{\"@type\":\"SearchAction\",\"target\":{\"@type\":\"EntryPoint\",\"urlTemplate\":\"https:\\\/\\\/coaching.evylou.com\\\/en\\\/?s={search_term_string}\"},\"query-input\":{\"@type\":\"PropertyValueSpecification\",\"valueRequired\":true,\"valueName\":\"search_term_string\"}}],\"inLanguage\":\"en-US\"},{\"@type\":[\"Person\",\"Organization\"],\"@id\":\"https:\\\/\\\/coaching.evylou.com\\\/en\\\/#\\\/schema\\\/person\\\/791818c5517a8da614542c7c926ed4c0\",\"name\":\"evylou de Vleeschouwer\",\"image\":{\"@type\":\"ImageObject\",\"inLanguage\":\"en-US\",\"@id\":\"https:\\\/\\\/secure.gravatar.com\\\/avatar\\\/9d120b3b9a3a2c01fca281788b8000b664c22a9e7e36acc99cfd368f009faef0?s=96&d=mm&r=g\",\"url\":\"https:\\\/\\\/secure.gravatar.com\\\/avatar\\\/9d120b3b9a3a2c01fca281788b8000b664c22a9e7e36acc99cfd368f009faef0?s=96&d=mm&r=g\",\"contentUrl\":\"https:\\\/\\\/secure.gravatar.com\\\/avatar\\\/9d120b3b9a3a2c01fca281788b8000b664c22a9e7e36acc99cfd368f009faef0?s=96&d=mm&r=g\",\"caption\":\"evylou de Vleeschouwer\"},\"logo\":{\"@id\":\"https:\\\/\\\/secure.gravatar.com\\\/avatar\\\/9d120b3b9a3a2c01fca281788b8000b664c22a9e7e36acc99cfd368f009faef0?s=96&d=mm&r=g\"},\"description\":\"coach de vie et hypnoth\u00e9rapeute\",\"sameAs\":[\"https:\\\/\\\/coaching.evylou.com\"]}]}<\/script>\n<!-- \/ Yoast SEO plugin. -->","yoast_head_json":{"title":"Contact hypnosis","description":"Arr\u00eater de fumer, perdre du poids, g\u00e9rer son stress, surmonter ses peurs: l'hypnose \u00e0 Bruxelles peut aider \u00e0 changer votre quotidien aujourd'hui","robots":{"index":"index","follow":"follow","max-snippet":"max-snippet:-1","max-image-preview":"max-image-preview:large","max-video-preview":"max-video-preview:-1"},"canonical":"https:\/\/coaching.evylou.com\/en\/contact\/","og_locale":"en_US","og_type":"article","og_title":"Contact hypnosis","og_description":"Arr\u00eater de fumer, perdre du poids, g\u00e9rer son stress, surmonter ses peurs: l'hypnose \u00e0 Bruxelles peut aider \u00e0 changer votre quotidien aujourd'hui","og_url":"https:\/\/coaching.evylou.com\/en\/contact\/","og_site_name":"hypnosis and coaching","article_modified_time":"2025-09-18T16:48:21+00:00","og_image":[{"width":1106,"height":733,"url":"https:\/\/coaching.evylou.com\/wp-content\/uploads\/2024\/10\/logo-evylou-coaching.png","type":"image\/png"}],"twitter_card":"summary_large_image","twitter_misc":{"Est. reading time":"9 minutes"},"schema":{"@context":"https:\/\/schema.org","@graph":[{"@type":"WebPage","@id":"https:\/\/coaching.evylou.com\/en\/contact\/","url":"https:\/\/coaching.evylou.com\/en\/contact\/","name":"Contact hypnosis","isPartOf":{"@id":"https:\/\/coaching.evylou.com\/en\/#website"},"datePublished":"2024-10-07T17:11:35+00:00","dateModified":"2025-09-18T16:48:21+00:00","description":"Arr\u00eater de fumer, perdre du poids, g\u00e9rer son stress, surmonter ses peurs: l'hypnose \u00e0 Bruxelles peut aider \u00e0 changer votre quotidien aujourd'hui","breadcrumb":{"@id":"https:\/\/coaching.evylou.com\/en\/contact\/#breadcrumb"},"inLanguage":"en-US","potentialAction":[{"@type":"ReadAction","target":["https:\/\/coaching.evylou.com\/en\/contact\/"]}]},{"@type":"BreadcrumbList","@id":"https:\/\/coaching.evylou.com\/en\/contact\/#breadcrumb","itemListElement":[{"@type":"ListItem","position":1,"name":"Accueil","item":"https:\/\/coaching.evylou.com\/en\/"},{"@type":"ListItem","position":2,"name":"Contact"}]},{"@type":"WebSite","@id":"https:\/\/coaching.evylou.com\/en\/#website","url":"https:\/\/coaching.evylou.com\/en\/","name":"coaching.evylou.com","description":"hypnosis and coaching","publisher":{"@id":"https:\/\/coaching.evylou.com\/en\/#\/schema\/person\/791818c5517a8da614542c7c926ed4c0"},"alternateName":"Evylou coaching - hypnose","potentialAction":[{"@type":"SearchAction","target":{"@type":"EntryPoint","urlTemplate":"https:\/\/coaching.evylou.com\/en\/?s={search_term_string}"},"query-input":{"@type":"PropertyValueSpecification","valueRequired":true,"valueName":"search_term_string"}}],"inLanguage":"en-US"},{"@type":["Person","Organization"],"@id":"https:\/\/coaching.evylou.com\/en\/#\/schema\/person\/791818c5517a8da614542c7c926ed4c0","name":"evylou de Vleeschouwer","image":{"@type":"ImageObject","inLanguage":"en-US","@id":"https:\/\/secure.gravatar.com\/avatar\/9d120b3b9a3a2c01fca281788b8000b664c22a9e7e36acc99cfd368f009faef0?s=96&d=mm&r=g","url":"https:\/\/secure.gravatar.com\/avatar\/9d120b3b9a3a2c01fca281788b8000b664c22a9e7e36acc99cfd368f009faef0?s=96&d=mm&r=g","contentUrl":"https:\/\/secure.gravatar.com\/avatar\/9d120b3b9a3a2c01fca281788b8000b664c22a9e7e36acc99cfd368f009faef0?s=96&d=mm&r=g","caption":"evylou de Vleeschouwer"},"logo":{"@id":"https:\/\/secure.gravatar.com\/avatar\/9d120b3b9a3a2c01fca281788b8000b664c22a9e7e36acc99cfd368f009faef0?s=96&d=mm&r=g"},"description":"coach de vie et hypnoth\u00e9rapeute","sameAs":["https:\/\/coaching.evylou.com"]}]}},"_links":{"self":[{"href":"https:\/\/coaching.evylou.com\/en\/wp-json\/wp\/v2\/pages\/1114","targetHints":{"allow":["GET"]}}],"collection":[{"href":"https:\/\/coaching.evylou.com\/en\/wp-json\/wp\/v2\/pages"}],"about":[{"href":"https:\/\/coaching.evylou.com\/en\/wp-json\/wp\/v2\/types\/page"}],"author":[{"embeddable":true,"href":"https:\/\/coaching.evylou.com\/en\/wp-json\/wp\/v2\/users\/1"}],"replies":[{"embeddable":true,"href":"https:\/\/coaching.evylou.com\/en\/wp-json\/wp\/v2\/comments?post=1114"}],"version-history":[{"count":16,"href":"https:\/\/coaching.evylou.com\/en\/wp-json\/wp\/v2\/pages\/1114\/revisions"}],"predecessor-version":[{"id":2395,"href":"https:\/\/coaching.evylou.com\/en\/wp-json\/wp\/v2\/pages\/1114\/revisions\/2395"}],"wp:attachment":[{"href":"https:\/\/coaching.evylou.com\/en\/wp-json\/wp\/v2\/media?parent=1114"}],"curies":[{"name":"wp","href":"https:\/\/api.w.org\/{rel}","templated":true}]}}