{"id":2148,"date":"2024-10-08T16:54:17","date_gmt":"2024-10-08T16:54:17","guid":{"rendered":"https:\/\/coaching.evylou.com\/privacy-policy\/"},"modified":"2025-10-31T12:22:30","modified_gmt":"2025-10-31T12:22:30","slug":"privacy-policy","status":"publish","type":"page","link":"https:\/\/coaching.evylou.com\/en\/privacy-policy\/","title":{"rendered":"Legal mentions"},"content":{"rendered":"<p>[et_pb_section fb_built=&#8221;1&#8243; _builder_version=&#8221;4.16&#8243; global_colors_info=&#8221;{}&#8221;][et_pb_row _builder_version=&#8221;4.27.0&#8243; _module_preset=&#8221;default&#8221; global_colors_info=&#8221;{}&#8221;][et_pb_column type=&#8221;4_4&#8243; _builder_version=&#8221;4.27.0&#8243; _module_preset=&#8221;default&#8221; global_colors_info=&#8221;{}&#8221;][et_pb_heading title=&#8221;Privacy policy and legal notice&#8221; _builder_version=&#8221;4.27.0&#8243; _module_preset=&#8221;default&#8221; hover_enabled=&#8221;0&#8243; global_colors_info=&#8221;{}&#8221; sticky_enabled=&#8221;0&#8243;][\/et_pb_heading][\/et_pb_column][\/et_pb_row][et_pb_row _builder_version=&#8221;4.16&#8243; background_size=&#8221;initial&#8221; background_position=&#8221;top_left&#8221; background_repeat=&#8221;repeat&#8221; global_colors_info=&#8221;{}&#8221; custom_margin=&#8221;|512px||auto||&#8221;][et_pb_column type=&#8221;4_4&#8243; _builder_version=&#8221;4.16&#8243; custom_padding=&#8221;|||&#8221; global_colors_info=&#8221;{}&#8221; custom_padding__hover=&#8221;|||&#8221;][et_pb_text _builder_version=&#8221;4.27.0&#8243; background_size=&#8221;initial&#8221; background_position=&#8221;top_left&#8221; background_repeat=&#8221;repeat&#8221; global_colors_info=&#8221;{}&#8221;]<!-- divi:heading --><\/p>\n<h2 class=\"wp-block-heading\">Site owner<\/h2>\n<p><span style=\"font-size: 14px;\">This website https:\/\/coaching.evylou.com is the property of Global Consulting Services, SASU registered under number 981 713 233 00014 with registered office at 58 rue Monceau, 75008 Paris, France.<\/span><br \/><span style=\"font-size: 14px;\"><\/span><\/p>\n<p><span style=\"font-size: 14px;\">Responsible for publication; Eva de Vleeschouwer<\/span><\/p>\n<p>Email: contact@evylou.com<span style=\"font-size: 14px;\"><\/span><\/p>\n<h2 class=\"wp-block-heading\">Host<\/h2>\n<p><span>The site is hosted by OVH, 2 rue Kellermann &#8211; 59100 Roubaix &#8211; France <\/span><br \/><span>Phone number: + 33 9 72 10 10 07<\/span><br \/><span>Website : www.ovh.com<\/span><\/p>\n<p><span style=\"color: #bd660c; font-family: false, sans-serif; font-size: 26px;\">Terms and conditions of sale for private individuals<\/span><\/p>\n<p> Individual wellness coaching sessions last one hour, although the duration may vary between 45 minutes and 1 hour 30 minutes. The rate is \u20ac80 per session. VAT is not applicable. Payment is due at the end of the session. Accepted payment methods are bank transfer and cash. An invoice will be issued after the session.      <\/p>\n<p>Cancellation policy: to cancel or reschedule a scheduled session, please contact Eva de Vleeschouwer.<\/p>\n<p> <span style=\"color: #bd660c; font-family: false, sans-serif; font-size: 26px;\">GDPR<\/span><\/p>\n<p>This website does not collect any personal data. Your practitioner stores your personal data in office automation tools to which only they have access. In accordance with the GDPR, you have the right to access, modify and delete this data.   <\/p>\n<p> <span style=\"color: #bd660c; font-family: false, sans-serif; font-size: 26px;\">Cookies<\/span><\/p>\n<p> <span style=\"font-size: 14px;\">If you go to the login page, a temporary cookie will be created to determine whether your browser accepts cookies. It contains no personal data and will be deleted automatically when you close your browser. <\/span><\/p>\n<p><span style=\"font-size: 14px;\"><\/span><\/p>\n<p><span style=\"color: #bd660c; font-family: false, sans-serif; font-size: 26px;\">Mediation service<\/span><\/p>\n<p><span>In accordance with Articles L.616-1 and R.616-1 of the French Consumer Code, we offer a consumer mediation service. The mediation entity selected is: pending <\/span><\/p>\n<p> <span style=\"color: #bd660c; font-family: false, sans-serif; font-size: 26px;\">Embedded content from other sites<\/span><\/p>\n<p>Articles on this site may include embedded content (e.g. videos, images, articles, etc.). Embedded content from other sites behaves in the same way as if the visitor were visiting that other site.  These websites may collect data about you, use cookies, embed third-party tracking tools, track your interactions with these embedded contents if you have a logged-in account on their website.<\/p>\n<p> <span style=\"color: #bd660c; font-family: false, sans-serif; font-size: 26px;\">Limits with healthcare professionals<\/span><\/p>\n<p><span>Hypnotherapists, hypnologists and hypno-practitioners provide guidance towards greater wellbeing and personal development. They are not healthcare professionals and cannot interfere with your medical prescriptions. If you are ill, consult a doctor.  <\/span><span style=\"font-size: 14px;\"> <\/span><\/p>\n<p>&nbsp;<\/p>\n<p>[\/et_pb_text][\/et_pb_column][\/et_pb_row][\/et_pb_section]<\/p>\n","protected":false},"excerpt":{"rendered":"<p>Site owner This website https:\/\/coaching.evylou.com is the property of Global Consulting Services, SASU registered under number 981 713 233 00014 with registered office at 58 rue Monceau, 75008 Paris, France. Responsible for publication; Eva de Vleeschouwer Email: contact@evylou.com Host The site is hosted by OVH, 2 rue Kellermann &#8211; 59100 Roubaix &#8211; France Phone number: [&hellip;]<\/p>\n","protected":false},"author":1,"featured_media":0,"parent":0,"menu_order":0,"comment_status":"closed","ping_status":"closed","template":"","meta":{"_et_pb_use_builder":"on","_et_pb_old_content":"","_et_gb_content_width":"","footnotes":""},"class_list":["post-2148","page","type-page","status-publish","hentry"],"yoast_head":"<!-- This site is optimized with the Yoast SEO plugin v27.6 - https:\/\/yoast.com\/product\/yoast-seo-wordpress\/ -->\n<title>Hypnose Bruxelles<\/title>\n<meta name=\"description\" content=\"Arr\u00eater de fumer, perdre du poids, g\u00e9rer son stress, surmonter ses peurs: l&#039;hypnose \u00e0 Bruxelles peut aider \u00e0 changer votre quotidien aujourd&#039;hui\" \/>\n<meta name=\"robots\" content=\"index, follow, max-snippet:-1, max-image-preview:large, max-video-preview:-1\" \/>\n<link rel=\"canonical\" href=\"https:\/\/coaching.evylou.com\/en\/privacy-policy\/\" \/>\n<meta property=\"og:locale\" content=\"en_US\" \/>\n<meta property=\"og:type\" content=\"article\" \/>\n<meta property=\"og:title\" content=\"Hypnose Bruxelles\" \/>\n<meta property=\"og:description\" content=\"Arr\u00eater de fumer, perdre du poids, g\u00e9rer son stress, surmonter ses peurs: l&#039;hypnose \u00e0 Bruxelles peut aider \u00e0 changer votre quotidien aujourd&#039;hui\" \/>\n<meta property=\"og:url\" content=\"https:\/\/coaching.evylou.com\/en\/privacy-policy\/\" \/>\n<meta property=\"og:site_name\" content=\"hypnosis and coaching\" \/>\n<meta property=\"article:modified_time\" content=\"2025-10-31T12:22:30+00:00\" \/>\n<meta property=\"og:image\" content=\"https:\/\/coaching.evylou.com\/wp-content\/uploads\/2024\/10\/logo-evylou-coaching.png\" \/>\n\t<meta property=\"og:image:width\" content=\"1106\" \/>\n\t<meta property=\"og:image:height\" content=\"733\" \/>\n\t<meta property=\"og:image:type\" content=\"image\/png\" \/>\n<meta name=\"twitter:card\" content=\"summary_large_image\" \/>\n<meta name=\"twitter:label1\" content=\"Est. reading time\" \/>\n\t<meta name=\"twitter:data1\" content=\"2 minutes\" \/>\n<script type=\"application\/ld+json\" class=\"yoast-schema-graph\">{\"@context\":\"https:\\\/\\\/schema.org\",\"@graph\":[{\"@type\":\"WebPage\",\"@id\":\"https:\\\/\\\/coaching.evylou.com\\\/en\\\/privacy-policy\\\/\",\"url\":\"https:\\\/\\\/coaching.evylou.com\\\/en\\\/privacy-policy\\\/\",\"name\":\"Hypnose Bruxelles\",\"isPartOf\":{\"@id\":\"https:\\\/\\\/coaching.evylou.com\\\/en\\\/#website\"},\"datePublished\":\"2024-10-08T16:54:17+00:00\",\"dateModified\":\"2025-10-31T12:22:30+00:00\",\"description\":\"Arr\u00eater de fumer, perdre du poids, g\u00e9rer son stress, surmonter ses peurs: l'hypnose \u00e0 Bruxelles peut aider \u00e0 changer votre quotidien aujourd'hui\",\"breadcrumb\":{\"@id\":\"https:\\\/\\\/coaching.evylou.com\\\/en\\\/privacy-policy\\\/#breadcrumb\"},\"inLanguage\":\"en-US\",\"potentialAction\":[{\"@type\":\"ReadAction\",\"target\":[\"https:\\\/\\\/coaching.evylou.com\\\/en\\\/privacy-policy\\\/\"]}]},{\"@type\":\"BreadcrumbList\",\"@id\":\"https:\\\/\\\/coaching.evylou.com\\\/en\\\/privacy-policy\\\/#breadcrumb\",\"itemListElement\":[{\"@type\":\"ListItem\",\"position\":1,\"name\":\"Accueil\",\"item\":\"https:\\\/\\\/coaching.evylou.com\\\/en\\\/\"},{\"@type\":\"ListItem\",\"position\":2,\"name\":\"Legal mentions\"}]},{\"@type\":\"WebSite\",\"@id\":\"https:\\\/\\\/coaching.evylou.com\\\/en\\\/#website\",\"url\":\"https:\\\/\\\/coaching.evylou.com\\\/en\\\/\",\"name\":\"coaching.evylou.com\",\"description\":\"hypnosis and coaching\",\"publisher\":{\"@id\":\"https:\\\/\\\/coaching.evylou.com\\\/en\\\/#\\\/schema\\\/person\\\/791818c5517a8da614542c7c926ed4c0\"},\"alternateName\":\"Evylou coaching - hypnose\",\"potentialAction\":[{\"@type\":\"SearchAction\",\"target\":{\"@type\":\"EntryPoint\",\"urlTemplate\":\"https:\\\/\\\/coaching.evylou.com\\\/en\\\/?s={search_term_string}\"},\"query-input\":{\"@type\":\"PropertyValueSpecification\",\"valueRequired\":true,\"valueName\":\"search_term_string\"}}],\"inLanguage\":\"en-US\"},{\"@type\":[\"Person\",\"Organization\"],\"@id\":\"https:\\\/\\\/coaching.evylou.com\\\/en\\\/#\\\/schema\\\/person\\\/791818c5517a8da614542c7c926ed4c0\",\"name\":\"evylou de Vleeschouwer\",\"image\":{\"@type\":\"ImageObject\",\"inLanguage\":\"en-US\",\"@id\":\"https:\\\/\\\/secure.gravatar.com\\\/avatar\\\/9d120b3b9a3a2c01fca281788b8000b664c22a9e7e36acc99cfd368f009faef0?s=96&d=mm&r=g\",\"url\":\"https:\\\/\\\/secure.gravatar.com\\\/avatar\\\/9d120b3b9a3a2c01fca281788b8000b664c22a9e7e36acc99cfd368f009faef0?s=96&d=mm&r=g\",\"contentUrl\":\"https:\\\/\\\/secure.gravatar.com\\\/avatar\\\/9d120b3b9a3a2c01fca281788b8000b664c22a9e7e36acc99cfd368f009faef0?s=96&d=mm&r=g\",\"caption\":\"evylou de Vleeschouwer\"},\"logo\":{\"@id\":\"https:\\\/\\\/secure.gravatar.com\\\/avatar\\\/9d120b3b9a3a2c01fca281788b8000b664c22a9e7e36acc99cfd368f009faef0?s=96&d=mm&r=g\"},\"description\":\"coach de vie et hypnoth\u00e9rapeute\",\"sameAs\":[\"https:\\\/\\\/coaching.evylou.com\"]}]}<\/script>\n<!-- \/ Yoast SEO plugin. -->","yoast_head_json":{"title":"Hypnose Bruxelles","description":"Arr\u00eater de fumer, perdre du poids, g\u00e9rer son stress, surmonter ses peurs: l'hypnose \u00e0 Bruxelles peut aider \u00e0 changer votre quotidien aujourd'hui","robots":{"index":"index","follow":"follow","max-snippet":"max-snippet:-1","max-image-preview":"max-image-preview:large","max-video-preview":"max-video-preview:-1"},"canonical":"https:\/\/coaching.evylou.com\/en\/privacy-policy\/","og_locale":"en_US","og_type":"article","og_title":"Hypnose Bruxelles","og_description":"Arr\u00eater de fumer, perdre du poids, g\u00e9rer son stress, surmonter ses peurs: l'hypnose \u00e0 Bruxelles peut aider \u00e0 changer votre quotidien aujourd'hui","og_url":"https:\/\/coaching.evylou.com\/en\/privacy-policy\/","og_site_name":"hypnosis and coaching","article_modified_time":"2025-10-31T12:22:30+00:00","og_image":[{"width":1106,"height":733,"url":"https:\/\/coaching.evylou.com\/wp-content\/uploads\/2024\/10\/logo-evylou-coaching.png","type":"image\/png"}],"twitter_card":"summary_large_image","twitter_misc":{"Est. reading time":"2 minutes"},"schema":{"@context":"https:\/\/schema.org","@graph":[{"@type":"WebPage","@id":"https:\/\/coaching.evylou.com\/en\/privacy-policy\/","url":"https:\/\/coaching.evylou.com\/en\/privacy-policy\/","name":"Hypnose Bruxelles","isPartOf":{"@id":"https:\/\/coaching.evylou.com\/en\/#website"},"datePublished":"2024-10-08T16:54:17+00:00","dateModified":"2025-10-31T12:22:30+00:00","description":"Arr\u00eater de fumer, perdre du poids, g\u00e9rer son stress, surmonter ses peurs: l'hypnose \u00e0 Bruxelles peut aider \u00e0 changer votre quotidien aujourd'hui","breadcrumb":{"@id":"https:\/\/coaching.evylou.com\/en\/privacy-policy\/#breadcrumb"},"inLanguage":"en-US","potentialAction":[{"@type":"ReadAction","target":["https:\/\/coaching.evylou.com\/en\/privacy-policy\/"]}]},{"@type":"BreadcrumbList","@id":"https:\/\/coaching.evylou.com\/en\/privacy-policy\/#breadcrumb","itemListElement":[{"@type":"ListItem","position":1,"name":"Accueil","item":"https:\/\/coaching.evylou.com\/en\/"},{"@type":"ListItem","position":2,"name":"Legal mentions"}]},{"@type":"WebSite","@id":"https:\/\/coaching.evylou.com\/en\/#website","url":"https:\/\/coaching.evylou.com\/en\/","name":"coaching.evylou.com","description":"hypnosis and coaching","publisher":{"@id":"https:\/\/coaching.evylou.com\/en\/#\/schema\/person\/791818c5517a8da614542c7c926ed4c0"},"alternateName":"Evylou coaching - hypnose","potentialAction":[{"@type":"SearchAction","target":{"@type":"EntryPoint","urlTemplate":"https:\/\/coaching.evylou.com\/en\/?s={search_term_string}"},"query-input":{"@type":"PropertyValueSpecification","valueRequired":true,"valueName":"search_term_string"}}],"inLanguage":"en-US"},{"@type":["Person","Organization"],"@id":"https:\/\/coaching.evylou.com\/en\/#\/schema\/person\/791818c5517a8da614542c7c926ed4c0","name":"evylou de Vleeschouwer","image":{"@type":"ImageObject","inLanguage":"en-US","@id":"https:\/\/secure.gravatar.com\/avatar\/9d120b3b9a3a2c01fca281788b8000b664c22a9e7e36acc99cfd368f009faef0?s=96&d=mm&r=g","url":"https:\/\/secure.gravatar.com\/avatar\/9d120b3b9a3a2c01fca281788b8000b664c22a9e7e36acc99cfd368f009faef0?s=96&d=mm&r=g","contentUrl":"https:\/\/secure.gravatar.com\/avatar\/9d120b3b9a3a2c01fca281788b8000b664c22a9e7e36acc99cfd368f009faef0?s=96&d=mm&r=g","caption":"evylou de Vleeschouwer"},"logo":{"@id":"https:\/\/secure.gravatar.com\/avatar\/9d120b3b9a3a2c01fca281788b8000b664c22a9e7e36acc99cfd368f009faef0?s=96&d=mm&r=g"},"description":"coach de vie et hypnoth\u00e9rapeute","sameAs":["https:\/\/coaching.evylou.com"]}]}},"_links":{"self":[{"href":"https:\/\/coaching.evylou.com\/en\/wp-json\/wp\/v2\/pages\/2148","targetHints":{"allow":["GET"]}}],"collection":[{"href":"https:\/\/coaching.evylou.com\/en\/wp-json\/wp\/v2\/pages"}],"about":[{"href":"https:\/\/coaching.evylou.com\/en\/wp-json\/wp\/v2\/types\/page"}],"author":[{"embeddable":true,"href":"https:\/\/coaching.evylou.com\/en\/wp-json\/wp\/v2\/users\/1"}],"replies":[{"embeddable":true,"href":"https:\/\/coaching.evylou.com\/en\/wp-json\/wp\/v2\/comments?post=2148"}],"version-history":[{"count":7,"href":"https:\/\/coaching.evylou.com\/en\/wp-json\/wp\/v2\/pages\/2148\/revisions"}],"predecessor-version":[{"id":2482,"href":"https:\/\/coaching.evylou.com\/en\/wp-json\/wp\/v2\/pages\/2148\/revisions\/2482"}],"wp:attachment":[{"href":"https:\/\/coaching.evylou.com\/en\/wp-json\/wp\/v2\/media?parent=2148"}],"curies":[{"name":"wp","href":"https:\/\/api.w.org\/{rel}","templated":true}]}}