{"id":2584,"date":"2024-10-23T11:48:25","date_gmt":"2024-10-23T11:48:25","guid":{"rendered":"https:\/\/coaching.evylou.com\/news\/"},"modified":"2026-03-26T12:30:36","modified_gmt":"2026-03-26T12:30:36","slug":"news","status":"publish","type":"page","link":"https:\/\/coaching.evylou.com\/en\/news\/","title":{"rendered":"News"},"content":{"rendered":"<p>[et_pb_section fb_built=&#8221;1&#8243; theme_builder_area=&#8221;post_content&#8221; _builder_version=&#8221;4.27.4&#8243; _module_preset=&#8221;default&#8221; min_height=&#8221;111.8px&#8221; custom_margin=&#8221;||-59px|||&#8221;][et_pb_row _builder_version=&#8221;4.27.4&#8243; _module_preset=&#8221;default&#8221; theme_builder_area=&#8221;post_content&#8221;][et_pb_column _builder_version=&#8221;4.27.4&#8243; _module_preset=&#8221;default&#8221; type=&#8221;4_4&#8243; theme_builder_area=&#8221;post_content&#8221;][et_pb_heading title=&#8221;News&#8221; _builder_version=&#8221;4.27.4&#8243; _module_preset=&#8221;default&#8221; theme_builder_area=&#8221;post_content&#8221; hover_enabled=&#8221;0&#8243; sticky_enabled=&#8221;0&#8243;][\/et_pb_heading][\/et_pb_column][\/et_pb_row][\/et_pb_section][et_pb_section fb_built=&#8221;1&#8243; _builder_version=&#8221;4.27.4&#8243; _module_preset=&#8221;default&#8221; hover_enabled=&#8221;0&#8243; global_colors_info=&#8221;{}&#8221; sticky_enabled=&#8221;0&#8243; custom_padding=&#8221;11px|||||&#8221;][et_pb_row _builder_version=&#8221;4.27.4&#8243; _module_preset=&#8221;default&#8221; hover_enabled=&#8221;0&#8243; global_colors_info=&#8221;{}&#8221; sticky_enabled=&#8221;0&#8243;][et_pb_column type=&#8221;4_4&#8243; _builder_version=&#8221;4.27.2&#8243; _module_preset=&#8221;default&#8221; hover_enabled=&#8221;0&#8243; global_colors_info=&#8221;{}&#8221; sticky_enabled=&#8221;0&#8243;][et_pb_blog include_categories=&#8221;,all&#8221; meta_date=&#8221;M Y&#8221; show_more=&#8221;on&#8221; show_author=&#8221;off&#8221; show_categories=&#8221;off&#8221; _builder_version=&#8221;4.27.4&#8243; _module_preset=&#8221;default&#8221; hover_enabled=&#8221;0&#8243; global_colors_info=&#8221;{}&#8221; show_date=&#8221;off&#8221; fullwidth=&#8221;off&#8221; sticky_enabled=&#8221;0&#8243;][\/et_pb_blog][\/et_pb_column][\/et_pb_row][\/et_pb_section][et_pb_section fb_built=&#8221;1&#8243; _builder_version=&#8221;4.27.4&#8243; _module_preset=&#8221;default&#8221; global_colors_info=&#8221;{}&#8221;][et_pb_row _builder_version=&#8221;4.27.4&#8243; _module_preset=&#8221;default&#8221; global_colors_info=&#8221;{}&#8221;][et_pb_column type=&#8221;4_4&#8243; _builder_version=&#8221;4.27.4&#8243; _module_preset=&#8221;default&#8221; global_colors_info=&#8221;{}&#8221;][et_pb_text _builder_version=&#8221;4.27.4&#8243; _module_preset=&#8221;default&#8221; global_colors_info=&#8221;{}&#8221;]<\/p>\n<pre class=\"ti-widget\"><template id=\"trustindex-google-widget-html\"><div class=\" ti-widget  ti-goog ti-disable-font ti-show-rating-text ti-review-text-mode-readmore ti-text-align-left\" data-no-translation=\"true\" data-time-locale=\"il y a %d %s|aujourd'hui|jour|jours|semaine|semaines|mois|mois|ann\u00e9e|ans\" data-plugin-version=\"13.2.9\" data-layout-id=\"104\" data-layout-category=\"badge, top-rated-badge\" data-set-id=\"drop-shadow\" data-pid=\"\" data-language=\"fr\" data-close-locale=\"Fermer\" data-css-version=\"2\" data-size=\"1\"> <div class=\"ti-widget-container\"> <div class=\"ti-header source-Google\"> <trustindex-image class=\"ti-platform-icon\" data-imgurl=\"https:\/\/cdn.trustindex.io\/assets\/platform\/Google\/icon.svg\" alt=\"Google\" width=\"20\" height=\"20\" loading=\"lazy\"><\/trustindex-image> <div class=\"ti-header-inner\"> <div class=\"ti-profile-details\"> <div class=\"ti-stars\"><trustindex-image class=\"ti-star\" data-imgurl=\"https:\/\/cdn.trustindex.io\/assets\/platform\/Google\/star\/f.svg\" alt=\"Google star 1\" width=\"17\" height=\"17\" loading=\"lazy\"><\/trustindex-image><trustindex-image class=\"ti-star\" data-imgurl=\"https:\/\/cdn.trustindex.io\/assets\/platform\/Google\/star\/f.svg\" alt=\"Google star 2\" width=\"17\" height=\"17\" loading=\"lazy\"><\/trustindex-image><trustindex-image class=\"ti-star\" data-imgurl=\"https:\/\/cdn.trustindex.io\/assets\/platform\/Google\/star\/f.svg\" alt=\"Google star 3\" width=\"17\" height=\"17\" loading=\"lazy\"><\/trustindex-image><trustindex-image class=\"ti-star\" data-imgurl=\"https:\/\/cdn.trustindex.io\/assets\/platform\/Google\/star\/f.svg\" alt=\"Google star 4\" width=\"17\" height=\"17\" loading=\"lazy\"><\/trustindex-image><trustindex-image class=\"ti-star\" data-imgurl=\"https:\/\/cdn.trustindex.io\/assets\/platform\/Google\/star\/f.svg\" alt=\"Google star 5\" width=\"17\" height=\"17\" loading=\"lazy\"><\/trustindex-image><\/div> <span class=\"ti-rating\">5.0<\/span> <\/div> <div class=\"ti-top-rated-title\">Service le  mieux not\u00e9<\/div> <div class=\"ti-verified-by\">certifi\u00e9 par: Trustindex <span class=\"ti-info-icon\"><\/span><\/div> <div class=\"ti-disclaimer\">Trustindex v\u00e9rifie que l'entreprise a un score sup\u00e9rieur \u00e0 4.5, sur la base des avis collect\u00e9s sur Google au cours des 12 mois, ce qui la qualifie pour recevoir le <a href=\"https:\/\/www.trustindex.io\/?a=sys&amp;c=wp-top-rated-badge&amp;url=\/the-trustindex-verified-badge\/\" target=\"_blank\">certificat le mieux not\u00e9<\/a>.<\/div> <\/div> <\/div> <\/div> <\/div> <\/template><\/pre><div data-src=\"https:\/\/cdn.trustindex.io\/loader.js?wp-widget\" data-template-id=\"trustindex-google-widget-html\" data-css-url=\"https:\/\/coaching.evylou.com\/wp-content\/uploads\/trustindex-google-widget.css?1774367820\"><\/div>\n<p>[\/et_pb_text][\/et_pb_column][\/et_pb_row][\/et_pb_section]<\/p>\n","protected":false},"excerpt":{"rendered":"<pre class=\"ti-widget\"><template id=\"trustindex-google-widget-html\"><div class=\" ti-widget  ti-goog ti-disable-font ti-show-rating-text ti-review-text-mode-readmore ti-text-align-left\" data-no-translation=\"true\" data-time-locale=\"il y a %d %s|aujourd'hui|jour|jours|semaine|semaines|mois|mois|ann\u00e9e|ans\" data-plugin-version=\"13.2.9\" data-layout-id=\"104\" data-layout-category=\"badge, top-rated-badge\" data-set-id=\"drop-shadow\" data-pid=\"\" data-language=\"fr\" data-close-locale=\"Fermer\" data-css-version=\"2\" data-size=\"1\"> <div class=\"ti-widget-container\"> <div class=\"ti-header source-Google\"> <trustindex-image class=\"ti-platform-icon\" data-imgurl=\"https:\/\/cdn.trustindex.io\/assets\/platform\/Google\/icon.svg\" alt=\"Google\" width=\"20\" height=\"20\" loading=\"lazy\"><\/trustindex-image> <div class=\"ti-header-inner\"> <div class=\"ti-profile-details\"> <div class=\"ti-stars\"><trustindex-image class=\"ti-star\" data-imgurl=\"https:\/\/cdn.trustindex.io\/assets\/platform\/Google\/star\/f.svg\" alt=\"Google star 1\" width=\"17\" height=\"17\" loading=\"lazy\"><\/trustindex-image><trustindex-image class=\"ti-star\" data-imgurl=\"https:\/\/cdn.trustindex.io\/assets\/platform\/Google\/star\/f.svg\" alt=\"Google star 2\" width=\"17\" height=\"17\" loading=\"lazy\"><\/trustindex-image><trustindex-image class=\"ti-star\" data-imgurl=\"https:\/\/cdn.trustindex.io\/assets\/platform\/Google\/star\/f.svg\" alt=\"Google star 3\" width=\"17\" height=\"17\" loading=\"lazy\"><\/trustindex-image><trustindex-image class=\"ti-star\" data-imgurl=\"https:\/\/cdn.trustindex.io\/assets\/platform\/Google\/star\/f.svg\" alt=\"Google star 4\" width=\"17\" height=\"17\" loading=\"lazy\"><\/trustindex-image><trustindex-image class=\"ti-star\" data-imgurl=\"https:\/\/cdn.trustindex.io\/assets\/platform\/Google\/star\/f.svg\" alt=\"Google star 5\" width=\"17\" height=\"17\" loading=\"lazy\"><\/trustindex-image><\/div> <span class=\"ti-rating\">5.0<\/span> <\/div> <div class=\"ti-top-rated-title\">Service le  mieux not\u00e9<\/div> <div class=\"ti-verified-by\">certifi\u00e9 par: Trustindex <span class=\"ti-info-icon\"><\/span><\/div> <div class=\"ti-disclaimer\">Trustindex v\u00e9rifie que l'entreprise a un score sup\u00e9rieur \u00e0 4.5, sur la base des avis collect\u00e9s sur Google au cours des 12 mois, ce qui la qualifie pour recevoir le <a href=\"https:\/\/www.trustindex.io\/?a=sys&amp;c=wp-top-rated-badge&amp;url=\/the-trustindex-verified-badge\/\" target=\"_blank\">certificat le mieux not\u00e9<\/a>.<\/div> <\/div> <\/div> <\/div> <\/div> <\/template><\/pre><div data-src=\"https:\/\/cdn.trustindex.io\/loader.js?wp-widget\" data-template-id=\"trustindex-google-widget-html\" data-css-url=\"https:\/\/coaching.evylou.com\/wp-content\/uploads\/trustindex-google-widget.css?1774367820\"><\/div>\n","protected":false},"author":1,"featured_media":0,"parent":0,"menu_order":0,"comment_status":"closed","ping_status":"closed","template":"","meta":{"_et_pb_use_builder":"on","_et_pb_old_content":"","_et_gb_content_width":"","footnotes":""},"class_list":["post-2584","page","type-page","status-publish","hentry"],"yoast_head":"<!-- This site is optimized with the Yoast SEO plugin v27.6 - https:\/\/yoast.com\/product\/yoast-seo-wordpress\/ -->\n<title>Hypnose Bruxelles<\/title>\n<meta name=\"description\" content=\"Arr\u00eater de fumer, perdre du poids, g\u00e9rer son stress, surmonter ses peurs: l&#039;hypnose \u00e0 Bruxelles peut aider \u00e0 changer votre quotidien aujourd&#039;hui\" \/>\n<meta name=\"robots\" content=\"index, follow, max-snippet:-1, max-image-preview:large, max-video-preview:-1\" \/>\n<link rel=\"canonical\" href=\"https:\/\/coaching.evylou.com\/en\/news\/\" \/>\n<meta property=\"og:locale\" content=\"en_US\" \/>\n<meta property=\"og:type\" content=\"article\" \/>\n<meta property=\"og:title\" content=\"Hypnose Bruxelles\" \/>\n<meta property=\"og:description\" content=\"Arr\u00eater de fumer, perdre du poids, g\u00e9rer son stress, surmonter ses peurs: l&#039;hypnose \u00e0 Bruxelles peut aider \u00e0 changer votre quotidien aujourd&#039;hui\" \/>\n<meta property=\"og:url\" content=\"https:\/\/coaching.evylou.com\/en\/news\/\" \/>\n<meta property=\"og:site_name\" content=\"hypnosis and coaching\" \/>\n<meta property=\"article:modified_time\" content=\"2026-03-26T12:30:36+00:00\" \/>\n<meta property=\"og:image\" content=\"https:\/\/coaching.evylou.com\/wp-content\/uploads\/2024\/10\/logo-evylou-coaching.png\" \/>\n\t<meta property=\"og:image:width\" content=\"1106\" \/>\n\t<meta property=\"og:image:height\" content=\"733\" \/>\n\t<meta property=\"og:image:type\" content=\"image\/png\" \/>\n<meta name=\"twitter:card\" content=\"summary_large_image\" \/>\n<meta name=\"twitter:label1\" content=\"Est. reading time\" \/>\n\t<meta name=\"twitter:data1\" content=\"1 minute\" \/>\n<script type=\"application\/ld+json\" class=\"yoast-schema-graph\">{\"@context\":\"https:\\\/\\\/schema.org\",\"@graph\":[{\"@type\":\"WebPage\",\"@id\":\"https:\\\/\\\/coaching.evylou.com\\\/en\\\/news\\\/\",\"url\":\"https:\\\/\\\/coaching.evylou.com\\\/en\\\/news\\\/\",\"name\":\"Hypnose Bruxelles\",\"isPartOf\":{\"@id\":\"https:\\\/\\\/coaching.evylou.com\\\/en\\\/#website\"},\"datePublished\":\"2024-10-23T11:48:25+00:00\",\"dateModified\":\"2026-03-26T12:30:36+00:00\",\"description\":\"Arr\u00eater de fumer, perdre du poids, g\u00e9rer son stress, surmonter ses peurs: l'hypnose \u00e0 Bruxelles peut aider \u00e0 changer votre quotidien aujourd'hui\",\"breadcrumb\":{\"@id\":\"https:\\\/\\\/coaching.evylou.com\\\/en\\\/news\\\/#breadcrumb\"},\"inLanguage\":\"en-US\",\"potentialAction\":[{\"@type\":\"ReadAction\",\"target\":[\"https:\\\/\\\/coaching.evylou.com\\\/en\\\/news\\\/\"]}]},{\"@type\":\"BreadcrumbList\",\"@id\":\"https:\\\/\\\/coaching.evylou.com\\\/en\\\/news\\\/#breadcrumb\",\"itemListElement\":[{\"@type\":\"ListItem\",\"position\":1,\"name\":\"Accueil\",\"item\":\"https:\\\/\\\/coaching.evylou.com\\\/en\\\/\"},{\"@type\":\"ListItem\",\"position\":2,\"name\":\"News\"}]},{\"@type\":\"WebSite\",\"@id\":\"https:\\\/\\\/coaching.evylou.com\\\/en\\\/#website\",\"url\":\"https:\\\/\\\/coaching.evylou.com\\\/en\\\/\",\"name\":\"coaching.evylou.com\",\"description\":\"hypnosis and coaching\",\"publisher\":{\"@id\":\"https:\\\/\\\/coaching.evylou.com\\\/en\\\/#\\\/schema\\\/person\\\/791818c5517a8da614542c7c926ed4c0\"},\"alternateName\":\"Evylou coaching - hypnose\",\"potentialAction\":[{\"@type\":\"SearchAction\",\"target\":{\"@type\":\"EntryPoint\",\"urlTemplate\":\"https:\\\/\\\/coaching.evylou.com\\\/en\\\/?s={search_term_string}\"},\"query-input\":{\"@type\":\"PropertyValueSpecification\",\"valueRequired\":true,\"valueName\":\"search_term_string\"}}],\"inLanguage\":\"en-US\"},{\"@type\":[\"Person\",\"Organization\"],\"@id\":\"https:\\\/\\\/coaching.evylou.com\\\/en\\\/#\\\/schema\\\/person\\\/791818c5517a8da614542c7c926ed4c0\",\"name\":\"evylou de Vleeschouwer\",\"image\":{\"@type\":\"ImageObject\",\"inLanguage\":\"en-US\",\"@id\":\"https:\\\/\\\/secure.gravatar.com\\\/avatar\\\/9d120b3b9a3a2c01fca281788b8000b664c22a9e7e36acc99cfd368f009faef0?s=96&d=mm&r=g\",\"url\":\"https:\\\/\\\/secure.gravatar.com\\\/avatar\\\/9d120b3b9a3a2c01fca281788b8000b664c22a9e7e36acc99cfd368f009faef0?s=96&d=mm&r=g\",\"contentUrl\":\"https:\\\/\\\/secure.gravatar.com\\\/avatar\\\/9d120b3b9a3a2c01fca281788b8000b664c22a9e7e36acc99cfd368f009faef0?s=96&d=mm&r=g\",\"caption\":\"evylou de Vleeschouwer\"},\"logo\":{\"@id\":\"https:\\\/\\\/secure.gravatar.com\\\/avatar\\\/9d120b3b9a3a2c01fca281788b8000b664c22a9e7e36acc99cfd368f009faef0?s=96&d=mm&r=g\"},\"description\":\"coach de vie et hypnoth\u00e9rapeute\",\"sameAs\":[\"https:\\\/\\\/coaching.evylou.com\"]}]}<\/script>\n<!-- \/ Yoast SEO plugin. -->","yoast_head_json":{"title":"Hypnose Bruxelles","description":"Arr\u00eater de fumer, perdre du poids, g\u00e9rer son stress, surmonter ses peurs: l'hypnose \u00e0 Bruxelles peut aider \u00e0 changer votre quotidien aujourd'hui","robots":{"index":"index","follow":"follow","max-snippet":"max-snippet:-1","max-image-preview":"max-image-preview:large","max-video-preview":"max-video-preview:-1"},"canonical":"https:\/\/coaching.evylou.com\/en\/news\/","og_locale":"en_US","og_type":"article","og_title":"Hypnose Bruxelles","og_description":"Arr\u00eater de fumer, perdre du poids, g\u00e9rer son stress, surmonter ses peurs: l'hypnose \u00e0 Bruxelles peut aider \u00e0 changer votre quotidien aujourd'hui","og_url":"https:\/\/coaching.evylou.com\/en\/news\/","og_site_name":"hypnosis and coaching","article_modified_time":"2026-03-26T12:30:36+00:00","og_image":[{"width":1106,"height":733,"url":"https:\/\/coaching.evylou.com\/wp-content\/uploads\/2024\/10\/logo-evylou-coaching.png","type":"image\/png"}],"twitter_card":"summary_large_image","twitter_misc":{"Est. reading time":"1 minute"},"schema":{"@context":"https:\/\/schema.org","@graph":[{"@type":"WebPage","@id":"https:\/\/coaching.evylou.com\/en\/news\/","url":"https:\/\/coaching.evylou.com\/en\/news\/","name":"Hypnose Bruxelles","isPartOf":{"@id":"https:\/\/coaching.evylou.com\/en\/#website"},"datePublished":"2024-10-23T11:48:25+00:00","dateModified":"2026-03-26T12:30:36+00:00","description":"Arr\u00eater de fumer, perdre du poids, g\u00e9rer son stress, surmonter ses peurs: l'hypnose \u00e0 Bruxelles peut aider \u00e0 changer votre quotidien aujourd'hui","breadcrumb":{"@id":"https:\/\/coaching.evylou.com\/en\/news\/#breadcrumb"},"inLanguage":"en-US","potentialAction":[{"@type":"ReadAction","target":["https:\/\/coaching.evylou.com\/en\/news\/"]}]},{"@type":"BreadcrumbList","@id":"https:\/\/coaching.evylou.com\/en\/news\/#breadcrumb","itemListElement":[{"@type":"ListItem","position":1,"name":"Accueil","item":"https:\/\/coaching.evylou.com\/en\/"},{"@type":"ListItem","position":2,"name":"News"}]},{"@type":"WebSite","@id":"https:\/\/coaching.evylou.com\/en\/#website","url":"https:\/\/coaching.evylou.com\/en\/","name":"coaching.evylou.com","description":"hypnosis and coaching","publisher":{"@id":"https:\/\/coaching.evylou.com\/en\/#\/schema\/person\/791818c5517a8da614542c7c926ed4c0"},"alternateName":"Evylou coaching - hypnose","potentialAction":[{"@type":"SearchAction","target":{"@type":"EntryPoint","urlTemplate":"https:\/\/coaching.evylou.com\/en\/?s={search_term_string}"},"query-input":{"@type":"PropertyValueSpecification","valueRequired":true,"valueName":"search_term_string"}}],"inLanguage":"en-US"},{"@type":["Person","Organization"],"@id":"https:\/\/coaching.evylou.com\/en\/#\/schema\/person\/791818c5517a8da614542c7c926ed4c0","name":"evylou de Vleeschouwer","image":{"@type":"ImageObject","inLanguage":"en-US","@id":"https:\/\/secure.gravatar.com\/avatar\/9d120b3b9a3a2c01fca281788b8000b664c22a9e7e36acc99cfd368f009faef0?s=96&d=mm&r=g","url":"https:\/\/secure.gravatar.com\/avatar\/9d120b3b9a3a2c01fca281788b8000b664c22a9e7e36acc99cfd368f009faef0?s=96&d=mm&r=g","contentUrl":"https:\/\/secure.gravatar.com\/avatar\/9d120b3b9a3a2c01fca281788b8000b664c22a9e7e36acc99cfd368f009faef0?s=96&d=mm&r=g","caption":"evylou de Vleeschouwer"},"logo":{"@id":"https:\/\/secure.gravatar.com\/avatar\/9d120b3b9a3a2c01fca281788b8000b664c22a9e7e36acc99cfd368f009faef0?s=96&d=mm&r=g"},"description":"coach de vie et hypnoth\u00e9rapeute","sameAs":["https:\/\/coaching.evylou.com"]}]}},"_links":{"self":[{"href":"https:\/\/coaching.evylou.com\/en\/wp-json\/wp\/v2\/pages\/2584","targetHints":{"allow":["GET"]}}],"collection":[{"href":"https:\/\/coaching.evylou.com\/en\/wp-json\/wp\/v2\/pages"}],"about":[{"href":"https:\/\/coaching.evylou.com\/en\/wp-json\/wp\/v2\/types\/page"}],"author":[{"embeddable":true,"href":"https:\/\/coaching.evylou.com\/en\/wp-json\/wp\/v2\/users\/1"}],"replies":[{"embeddable":true,"href":"https:\/\/coaching.evylou.com\/en\/wp-json\/wp\/v2\/comments?post=2584"}],"version-history":[{"count":2,"href":"https:\/\/coaching.evylou.com\/en\/wp-json\/wp\/v2\/pages\/2584\/revisions"}],"predecessor-version":[{"id":2586,"href":"https:\/\/coaching.evylou.com\/en\/wp-json\/wp\/v2\/pages\/2584\/revisions\/2586"}],"wp:attachment":[{"href":"https:\/\/coaching.evylou.com\/en\/wp-json\/wp\/v2\/media?parent=2584"}],"curies":[{"name":"wp","href":"https:\/\/api.w.org\/{rel}","templated":true}]}}