{"id":2145,"date":"2024-10-08T16:54:17","date_gmt":"2024-10-08T16:54:17","guid":{"rendered":"https:\/\/coaching.evylou.com\/privacybeleid\/"},"modified":"2025-10-31T12:19:27","modified_gmt":"2025-10-31T12:19:27","slug":"privacybeleid","status":"publish","type":"page","link":"https:\/\/coaching.evylou.com\/nl\/privacybeleid\/","title":{"rendered":"Juridische vermeldingen"},"content":{"rendered":"<p>[et_pb_section fb_built=&#8221;1&#8243; _builder_version=&#8221;4.16&#8243; global_colors_info=&#8221;{}&#8221;][et_pb_row _builder_version=&#8221;4.27.0&#8243; _module_preset=&#8221;default&#8221; global_colors_info=&#8221;{}&#8221;][et_pb_column type=&#8221;4_4&#8243; _builder_version=&#8221;4.27.0&#8243; _module_preset=&#8221;default&#8221; global_colors_info=&#8221;{}&#8221;][et_pb_heading title=&#8221;Privacybeleid en wettelijke kennisgeving&#8221; _builder_version=&#8221;4.27.0&#8243; _module_preset=&#8221;default&#8221; hover_enabled=&#8221;0&#8243; global_colors_info=&#8221;{}&#8221; sticky_enabled=&#8221;0&#8243;][\/et_pb_heading][\/et_pb_column][\/et_pb_row][et_pb_row _builder_version=&#8221;4.16&#8243; background_size=&#8221;initial&#8221; background_position=&#8221;top_left&#8221; background_repeat=&#8221;repeat&#8221; global_colors_info=&#8221;{}&#8221; custom_margin=&#8221;|512px||auto||&#8221;][et_pb_column type=&#8221;4_4&#8243; _builder_version=&#8221;4.16&#8243; custom_padding=&#8221;|||&#8221; global_colors_info=&#8221;{}&#8221; custom_padding__hover=&#8221;|||&#8221;][et_pb_text _builder_version=&#8221;4.27.0&#8243; background_size=&#8221;initial&#8221; background_position=&#8221;top_left&#8221; background_repeat=&#8221;repeat&#8221; global_colors_info=&#8221;{}&#8221;]<!-- divi:heading --><\/p>\n<h2 class=\"wp-block-heading\">Eigenaar<\/h2>\n<p><span style=\"font-size: 14px;\">Deze website https:\/\/coaching.evylou.com is eigendom van Global Consulting Services, een SASU geregistreerd onder nummer 981 713 233 00014 met maatschappelijke zetel te 58 rue Monceau, 75008 Parijs, Frankrijk.<\/span><br \/><span style=\"font-size: 14px;\"><\/span><\/p>\n<p><span style=\"font-size: 14px;\">Verantwoordelijke voor de publicatie; Eva de Vleeschouwer<\/span><\/p>\n<p>E-mail: contact@evylou.com<span style=\"font-size: 14px;\"><\/span><\/p>\n<h2 class=\"wp-block-heading\">Website hosting<\/h2>\n<p><span>De site wordt gehost door OVH, 2 rue Kellermann &#8211; 59100 Roubaix &#8211; Frankrijk <\/span><br \/><span>Telefoonnummer: + 33 9 72 10 10 07<\/span><br \/><span>Website: www.ovh.com<\/span><\/p>\n<p><span style=\"color: #bd660c; font-family: false, sans-serif; font-size: 26px;\">Algemene verkoopsvoorwaarden voor particulieren<\/span><\/p>\n<p> Individuele begeleidingssessies voor welzijn duren gemiddeld tussen 45 et 90 minuten. Het tarief bedraagt 80 euro per sessie. Btw is niet van toepassing. Het bedrag dient aan het einde van de sessie te worden betaald. De geaccepteerde betaalmethoden zijn bankoverschrijving en contant. Na de sessie wordt een factuur opgesteld.      <\/p>\n<p>Annuleringsvoorwaarden: om een geplande sessie te annuleren of verzetten, gelieve contact op te nemen met Eva de Vleeschouwer<\/p>\n<p> <span style=\"color: #bd660c; font-family: false, sans-serif; font-size: 26px;\">RGPD<\/span><\/p>\n<p>Deze website verzamelt geen persoonlijke gegevens. Uw coach\/therapeut bewaart uw persoonlijke gegevens in kantoorsoftware waartoe alleen zij toegang heeft. Conform de RGPD heeft u het recht op inzage, correctie en verwijdering van deze gegevens   <\/p>\n<p> <span style=\"color: #bd660c; font-family: false, sans-serif; font-size: 26px;\">Cookies<\/span><\/p>\n<p> <span style=\"font-size: 14px;\">Als u naar de inlogpagina gaat, wordt er een tijdelijk cookie aangemaakt om te bepalen of uw browser cookies accepteert. Het bevat geen persoonlijke gegevens en wordt automatisch verwijderd wanneer u uw browser afsluit. <\/span><\/p>\n<p><span style=\"font-size: 14px;\"><\/span><\/p>\n<p><span style=\"color: #bd660c; font-family: false, sans-serif; font-size: 26px;\">Bemiddelaar voor particulieren<\/span><\/p>\n<p><span>Conform de artikelen L.616-1 en R.616-1 van het consumentenwetboek in Frankrijk bieden wij een geschillenbemiddelingsregeling aan. De gekozen bemiddelingsinstantie is: in behandeling <\/span><\/p>\n<p> <span style=\"color: #bd660c; font-family: false, sans-serif; font-size: 26px;\">Ingebedde inhoud van andere sites<\/span><\/p>\n<p>Artikelen op deze site kunnen ingesloten inhoud bevatten (bijv. video&#8217;s, afbeeldingen, artikelen, enz.). Ingesloten inhoud van andere sites gedraagt zich op dezelfde manier alsof de bezoeker die andere site bezoekt.  Deze websites kunnen gegevens over u verzamelen, cookies gebruiken, trackingtools van derden insluiten en uw interacties met deze ingesloten inhoud bijhouden als u een account hebt op hun website.<\/p>\n<p> <span style=\"color: #bd660c; font-family: false, sans-serif; font-size: 26px;\">Beperkingen in samenwerking met zorgverleners<\/span><\/p>\n<p><span>Hypnotherapeuten, hypnologen en hypnopraktijkbeoefenaars begeleiden u naar meer welzijn en persoonlijke ontwikkeling. Ze behoren niet tot de gezondheidszorg en mogen zich niet bemoeien met uw medische voorschriften. Raadpleeg bij ziekte een arts.  <\/span><span style=\"font-size: 14px;\"> <\/span><\/p>\n<p>&nbsp;<\/p>\n<p>[\/et_pb_text][\/et_pb_column][\/et_pb_row][\/et_pb_section]<\/p>\n","protected":false},"excerpt":{"rendered":"<p>Eigenaar Deze website https:\/\/coaching.evylou.com is eigendom van Global Consulting Services, een SASU geregistreerd onder nummer 981 713 233 00014 met maatschappelijke zetel te 58 rue Monceau, 75008 Parijs, Frankrijk. Verantwoordelijke voor de publicatie; Eva de Vleeschouwer E-mail: contact@evylou.com Website hosting De site wordt gehost door OVH, 2 rue Kellermann &#8211; 59100 Roubaix &#8211; Frankrijk Telefoonnummer: [&hellip;]<\/p>\n","protected":false},"author":1,"featured_media":0,"parent":0,"menu_order":0,"comment_status":"closed","ping_status":"closed","template":"","meta":{"_et_pb_use_builder":"on","_et_pb_old_content":"","_et_gb_content_width":"","footnotes":""},"class_list":["post-2145","page","type-page","status-publish","hentry"],"yoast_head":"<!-- This site is optimized with the Yoast SEO plugin v27.6 - https:\/\/yoast.com\/product\/yoast-seo-wordpress\/ -->\n<title>Hypnose Bruxelles<\/title>\n<meta name=\"description\" content=\"Arr\u00eater de fumer, perdre du poids, g\u00e9rer son stress, surmonter ses peurs: l&#039;hypnose \u00e0 Bruxelles peut aider \u00e0 changer votre quotidien aujourd&#039;hui\" \/>\n<meta name=\"robots\" content=\"index, follow, max-snippet:-1, max-image-preview:large, max-video-preview:-1\" \/>\n<link rel=\"canonical\" href=\"https:\/\/coaching.evylou.com\/nl\/privacybeleid\/\" \/>\n<meta property=\"og:locale\" content=\"nl_NL\" \/>\n<meta property=\"og:type\" content=\"article\" \/>\n<meta property=\"og:title\" content=\"Hypnose Bruxelles\" \/>\n<meta property=\"og:description\" content=\"Arr\u00eater de fumer, perdre du poids, g\u00e9rer son stress, surmonter ses peurs: l&#039;hypnose \u00e0 Bruxelles peut aider \u00e0 changer votre quotidien aujourd&#039;hui\" \/>\n<meta property=\"og:url\" content=\"https:\/\/coaching.evylou.com\/nl\/privacybeleid\/\" \/>\n<meta property=\"og:site_name\" content=\"Evylou coaching &amp; hypnose\" \/>\n<meta property=\"article:modified_time\" content=\"2025-10-31T12:19:27+00:00\" \/>\n<meta property=\"og:image\" content=\"https:\/\/coaching.evylou.com\/wp-content\/uploads\/2024\/10\/logo-evylou-coaching.png\" \/>\n\t<meta property=\"og:image:width\" content=\"1106\" \/>\n\t<meta property=\"og:image:height\" content=\"733\" \/>\n\t<meta property=\"og:image:type\" content=\"image\/png\" \/>\n<meta name=\"twitter:card\" content=\"summary_large_image\" \/>\n<meta name=\"twitter:label1\" content=\"Geschatte leestijd\" \/>\n\t<meta name=\"twitter:data1\" content=\"2 minuten\" \/>\n<script type=\"application\/ld+json\" class=\"yoast-schema-graph\">{\"@context\":\"https:\\\/\\\/schema.org\",\"@graph\":[{\"@type\":\"WebPage\",\"@id\":\"https:\\\/\\\/coaching.evylou.com\\\/nl\\\/privacybeleid\\\/\",\"url\":\"https:\\\/\\\/coaching.evylou.com\\\/nl\\\/privacybeleid\\\/\",\"name\":\"Hypnose Bruxelles\",\"isPartOf\":{\"@id\":\"https:\\\/\\\/coaching.evylou.com\\\/nl\\\/#website\"},\"datePublished\":\"2024-10-08T16:54:17+00:00\",\"dateModified\":\"2025-10-31T12:19:27+00:00\",\"description\":\"Arr\u00eater de fumer, perdre du poids, g\u00e9rer son stress, surmonter ses peurs: l'hypnose \u00e0 Bruxelles peut aider \u00e0 changer votre quotidien aujourd'hui\",\"breadcrumb\":{\"@id\":\"https:\\\/\\\/coaching.evylou.com\\\/nl\\\/privacybeleid\\\/#breadcrumb\"},\"inLanguage\":\"nl-NL\",\"potentialAction\":[{\"@type\":\"ReadAction\",\"target\":[\"https:\\\/\\\/coaching.evylou.com\\\/nl\\\/privacybeleid\\\/\"]}]},{\"@type\":\"BreadcrumbList\",\"@id\":\"https:\\\/\\\/coaching.evylou.com\\\/nl\\\/privacybeleid\\\/#breadcrumb\",\"itemListElement\":[{\"@type\":\"ListItem\",\"position\":1,\"name\":\"Accueil\",\"item\":\"https:\\\/\\\/coaching.evylou.com\\\/nl\\\/\"},{\"@type\":\"ListItem\",\"position\":2,\"name\":\"Juridische vermeldingen\"}]},{\"@type\":\"WebSite\",\"@id\":\"https:\\\/\\\/coaching.evylou.com\\\/nl\\\/#website\",\"url\":\"https:\\\/\\\/coaching.evylou.com\\\/nl\\\/\",\"name\":\"coaching.evylou.com\",\"description\":\"Hypnose en coaching\",\"publisher\":{\"@id\":\"https:\\\/\\\/coaching.evylou.com\\\/nl\\\/#\\\/schema\\\/person\\\/791818c5517a8da614542c7c926ed4c0\"},\"alternateName\":\"Evylou coaching - hypnose\",\"potentialAction\":[{\"@type\":\"SearchAction\",\"target\":{\"@type\":\"EntryPoint\",\"urlTemplate\":\"https:\\\/\\\/coaching.evylou.com\\\/nl\\\/?s={search_term_string}\"},\"query-input\":{\"@type\":\"PropertyValueSpecification\",\"valueRequired\":true,\"valueName\":\"search_term_string\"}}],\"inLanguage\":\"nl-NL\"},{\"@type\":[\"Person\",\"Organization\"],\"@id\":\"https:\\\/\\\/coaching.evylou.com\\\/nl\\\/#\\\/schema\\\/person\\\/791818c5517a8da614542c7c926ed4c0\",\"name\":\"evylou de Vleeschouwer\",\"image\":{\"@type\":\"ImageObject\",\"inLanguage\":\"nl-NL\",\"@id\":\"https:\\\/\\\/secure.gravatar.com\\\/avatar\\\/9d120b3b9a3a2c01fca281788b8000b664c22a9e7e36acc99cfd368f009faef0?s=96&d=mm&r=g\",\"url\":\"https:\\\/\\\/secure.gravatar.com\\\/avatar\\\/9d120b3b9a3a2c01fca281788b8000b664c22a9e7e36acc99cfd368f009faef0?s=96&d=mm&r=g\",\"contentUrl\":\"https:\\\/\\\/secure.gravatar.com\\\/avatar\\\/9d120b3b9a3a2c01fca281788b8000b664c22a9e7e36acc99cfd368f009faef0?s=96&d=mm&r=g\",\"caption\":\"evylou de Vleeschouwer\"},\"logo\":{\"@id\":\"https:\\\/\\\/secure.gravatar.com\\\/avatar\\\/9d120b3b9a3a2c01fca281788b8000b664c22a9e7e36acc99cfd368f009faef0?s=96&d=mm&r=g\"},\"description\":\"coach de vie et hypnoth\u00e9rapeute\",\"sameAs\":[\"https:\\\/\\\/coaching.evylou.com\"]}]}<\/script>\n<!-- \/ Yoast SEO plugin. -->","yoast_head_json":{"title":"Hypnose Bruxelles","description":"Arr\u00eater de fumer, perdre du poids, g\u00e9rer son stress, surmonter ses peurs: l'hypnose \u00e0 Bruxelles peut aider \u00e0 changer votre quotidien aujourd'hui","robots":{"index":"index","follow":"follow","max-snippet":"max-snippet:-1","max-image-preview":"max-image-preview:large","max-video-preview":"max-video-preview:-1"},"canonical":"https:\/\/coaching.evylou.com\/nl\/privacybeleid\/","og_locale":"nl_NL","og_type":"article","og_title":"Hypnose Bruxelles","og_description":"Arr\u00eater de fumer, perdre du poids, g\u00e9rer son stress, surmonter ses peurs: l'hypnose \u00e0 Bruxelles peut aider \u00e0 changer votre quotidien aujourd'hui","og_url":"https:\/\/coaching.evylou.com\/nl\/privacybeleid\/","og_site_name":"Evylou coaching & hypnose","article_modified_time":"2025-10-31T12:19:27+00:00","og_image":[{"width":1106,"height":733,"url":"https:\/\/coaching.evylou.com\/wp-content\/uploads\/2024\/10\/logo-evylou-coaching.png","type":"image\/png"}],"twitter_card":"summary_large_image","twitter_misc":{"Geschatte leestijd":"2 minuten"},"schema":{"@context":"https:\/\/schema.org","@graph":[{"@type":"WebPage","@id":"https:\/\/coaching.evylou.com\/nl\/privacybeleid\/","url":"https:\/\/coaching.evylou.com\/nl\/privacybeleid\/","name":"Hypnose Bruxelles","isPartOf":{"@id":"https:\/\/coaching.evylou.com\/nl\/#website"},"datePublished":"2024-10-08T16:54:17+00:00","dateModified":"2025-10-31T12:19:27+00:00","description":"Arr\u00eater de fumer, perdre du poids, g\u00e9rer son stress, surmonter ses peurs: l'hypnose \u00e0 Bruxelles peut aider \u00e0 changer votre quotidien aujourd'hui","breadcrumb":{"@id":"https:\/\/coaching.evylou.com\/nl\/privacybeleid\/#breadcrumb"},"inLanguage":"nl-NL","potentialAction":[{"@type":"ReadAction","target":["https:\/\/coaching.evylou.com\/nl\/privacybeleid\/"]}]},{"@type":"BreadcrumbList","@id":"https:\/\/coaching.evylou.com\/nl\/privacybeleid\/#breadcrumb","itemListElement":[{"@type":"ListItem","position":1,"name":"Accueil","item":"https:\/\/coaching.evylou.com\/nl\/"},{"@type":"ListItem","position":2,"name":"Juridische vermeldingen"}]},{"@type":"WebSite","@id":"https:\/\/coaching.evylou.com\/nl\/#website","url":"https:\/\/coaching.evylou.com\/nl\/","name":"coaching.evylou.com","description":"Hypnose en coaching","publisher":{"@id":"https:\/\/coaching.evylou.com\/nl\/#\/schema\/person\/791818c5517a8da614542c7c926ed4c0"},"alternateName":"Evylou coaching - hypnose","potentialAction":[{"@type":"SearchAction","target":{"@type":"EntryPoint","urlTemplate":"https:\/\/coaching.evylou.com\/nl\/?s={search_term_string}"},"query-input":{"@type":"PropertyValueSpecification","valueRequired":true,"valueName":"search_term_string"}}],"inLanguage":"nl-NL"},{"@type":["Person","Organization"],"@id":"https:\/\/coaching.evylou.com\/nl\/#\/schema\/person\/791818c5517a8da614542c7c926ed4c0","name":"evylou de Vleeschouwer","image":{"@type":"ImageObject","inLanguage":"nl-NL","@id":"https:\/\/secure.gravatar.com\/avatar\/9d120b3b9a3a2c01fca281788b8000b664c22a9e7e36acc99cfd368f009faef0?s=96&d=mm&r=g","url":"https:\/\/secure.gravatar.com\/avatar\/9d120b3b9a3a2c01fca281788b8000b664c22a9e7e36acc99cfd368f009faef0?s=96&d=mm&r=g","contentUrl":"https:\/\/secure.gravatar.com\/avatar\/9d120b3b9a3a2c01fca281788b8000b664c22a9e7e36acc99cfd368f009faef0?s=96&d=mm&r=g","caption":"evylou de Vleeschouwer"},"logo":{"@id":"https:\/\/secure.gravatar.com\/avatar\/9d120b3b9a3a2c01fca281788b8000b664c22a9e7e36acc99cfd368f009faef0?s=96&d=mm&r=g"},"description":"coach de vie et hypnoth\u00e9rapeute","sameAs":["https:\/\/coaching.evylou.com"]}]}},"_links":{"self":[{"href":"https:\/\/coaching.evylou.com\/nl\/wp-json\/wp\/v2\/pages\/2145","targetHints":{"allow":["GET"]}}],"collection":[{"href":"https:\/\/coaching.evylou.com\/nl\/wp-json\/wp\/v2\/pages"}],"about":[{"href":"https:\/\/coaching.evylou.com\/nl\/wp-json\/wp\/v2\/types\/page"}],"author":[{"embeddable":true,"href":"https:\/\/coaching.evylou.com\/nl\/wp-json\/wp\/v2\/users\/1"}],"replies":[{"embeddable":true,"href":"https:\/\/coaching.evylou.com\/nl\/wp-json\/wp\/v2\/comments?post=2145"}],"version-history":[{"count":5,"href":"https:\/\/coaching.evylou.com\/nl\/wp-json\/wp\/v2\/pages\/2145\/revisions"}],"predecessor-version":[{"id":2479,"href":"https:\/\/coaching.evylou.com\/nl\/wp-json\/wp\/v2\/pages\/2145\/revisions\/2479"}],"wp:attachment":[{"href":"https:\/\/coaching.evylou.com\/nl\/wp-json\/wp\/v2\/media?parent=2145"}],"curies":[{"name":"wp","href":"https:\/\/api.w.org\/{rel}","templated":true}]}}